{"id":10036,"date":"2023-03-05T01:40:55","date_gmt":"2023-03-05T01:40:55","guid":{"rendered":"http:\/\/www.xiaomistoreks.com\/?post_type=product&#038;p=10036"},"modified":"2026-05-09T14:28:25","modified_gmt":"2026-05-09T14:28:25","slug":"xiaomi-mi-20w-charger-type-c-eu","status":"publish","type":"product","link":"https:\/\/www.xiaomistoreks.com\/en\/product\/xiaomi-mi-20w-charger-type-c-eu\/","title":{"rendered":"Xiaomi Mi 20W charger (Type-C) EU"},"content":{"rendered":"<h3 class=\"popis-nadpis\">P\u00ebrshkrimi i detajuar i produktit<\/h3>\n<p><b><\/b><b>Fuqia\u00a0<\/b><b>maximum<\/b><b>20\u00a0<\/b><b>W<\/b><b><\/b><\/p>\n<ul>\n<li>Fuqia maksimale 20 W, siguron fuqin\u00eb maksimale t\u00eb karikimit p\u00ebr iPhone 12.<\/li>\n<li>USB-C mb\u00ebshtet futjen me dy drejtime<\/li>\n<li>Ngarkoni iPhone tuaj n\u00eb 60% n\u00eb 30 minuta<\/li>\n<\/ul>\n<p><b><\/b>\u00a0<b>Universal\u00a0<\/b><b>cleaning<\/b><b><\/b><\/p>\n<ul>\n<li>P\u00ebrputhshm\u00ebri universale<\/li>\n<li>Pajtueshm\u00ebria inteligjente, mb\u00ebshtetje p\u00ebr nj\u00eb gam\u00eb t\u00eb gjer\u00eb t\u00eb telefonave inteligjent\u00eb dhe pajisjeve elektronike<\/li>\n<\/ul>\n<p><b>Mb\u00ebshtetje p\u00ebr\u00a0<\/b><b>I love you<\/b><b>shpejt\u00eb\u00a0<\/b><b>PD<\/b><b><\/b><b><\/b><\/p>\n<ul>\n<li>Mb\u00ebshtet karikimin e shpejt\u00eb t\u00eb Mi Smartphone 18W<\/li>\n<li>Mb\u00ebshtet karikimin e shpejt\u00eb t\u00eb iPhone 8 ~ 10 18W dhe iPhone 12 20W PD<\/li>\n<li>Protokolli: PD3.0, QC3.0, AFC, FCP<\/li>\n<\/ul>\n<p><b><\/b><b>Security\u00a0<\/b><b>features<\/b><b><\/b><\/p>\n<ul>\n<li>Nj\u00eb sistem sigurie me shum\u00eb mbrojtje ofron mbrojtje t\u00eb plot\u00eb p\u00ebr ju dhe pajisjen tuaj<\/li>\n<\/ul>\n<p><b>Kompakt dhe i l\u00ebvizsh\u00ebm<\/b><\/p>\n<ul>\n<li>I leht\u00eb, kompakt dhe ultra i l\u00ebvizsh\u00ebm, 52 g<\/li>\n<\/ul>\n","protected":false},"excerpt":{"rendered":"<p style=\"text-align: left\"><span class=\"xm-text f88 f-bold\" data-key=\"name_1\" data-type=\"text\" data-id=\"gt2hdn3taw\">Karikues Mi 20W (Tipi-C). <\/span><span class=\"xm-text f48 f-bold\" data-key=\"slogan_1\" data-type=\"text\" data-id=\"shex53bt32\">Prodhimi 20 W | Pajtueshm\u00ebria inteligjente | Kompakt dhe i l\u00ebvizsh\u00ebm L\u00ebshoni potencialin e karikimit me shpejt\u00ebsi t\u00eb lart\u00eb t\u00eb pajisjes suaj. <span class=\"\">Ky karikues karikon nj\u00eb smartphone deri n\u00eb 60% n\u00eb vet\u00ebm 30 minuta.<\/span><\/span><\/p>\n","protected":false},"featured_media":9286,"template":"","meta":[],"product_cat":[171,177,377],"product_tag":[],"_links":{"self":[{"href":"https:\/\/www.xiaomistoreks.com\/en\/wp-json\/wp\/v2\/product\/10036"}],"collection":[{"href":"https:\/\/www.xiaomistoreks.com\/en\/wp-json\/wp\/v2\/product"}],"about":[{"href":"https:\/\/www.xiaomistoreks.com\/en\/wp-json\/wp\/v2\/types\/product"}],"version-history":[{"count":13,"href":"https:\/\/www.xiaomistoreks.com\/en\/wp-json\/wp\/v2\/product\/10036\/revisions"}],"predecessor-version":[{"id":21837,"href":"https:\/\/www.xiaomistoreks.com\/en\/wp-json\/wp\/v2\/product\/10036\/revisions\/21837"}],"wp:featuredmedia":[{"embeddable":true,"href":"https:\/\/www.xiaomistoreks.com\/en\/wp-json\/wp\/v2\/media\/9286"}],"wp:attachment":[{"href":"https:\/\/www.xiaomistoreks.com\/en\/wp-json\/wp\/v2\/media?parent=10036"}],"wp:term":[{"taxonomy":"product_cat","embeddable":true,"href":"https:\/\/www.xiaomistoreks.com\/en\/wp-json\/wp\/v2\/product_cat?post=10036"},{"taxonomy":"product_tag","embeddable":true,"href":"https:\/\/www.xiaomistoreks.com\/en\/wp-json\/wp\/v2\/product_tag?post=10036"}],"curies":[{"name":"wp","href":"https:\/\/api.w.org\/{rel}","templated":true}]}}