{"id":10035,"date":"2023-03-05T01:40:55","date_gmt":"2023-03-05T01:40:55","guid":{"rendered":"http:\/\/www.xiaomistoreks.com\/?post_type=product&#038;p=10035"},"modified":"2026-03-06T00:32:00","modified_gmt":"2026-03-06T00:32:00","slug":"xiaomi-10000mah-mi-power-bank-3-ultra-compact","status":"publish","type":"product","link":"https:\/\/www.xiaomistoreks.com\/en\/product\/xiaomi-10000mah-mi-power-bank-3-ultra-compact\/","title":{"rendered":"Xiaomi 10000mAh Mi Power Bank 3 Ultra Compact"},"content":{"rendered":"<p><a href=\"https:\/\/www.xiaomistoreks.com\/wp-content\/uploads\/2023\/03\/pb1.jpg\"><img fetchpriority=\"high\" decoding=\"async\" class=\"alignnone size-full wp-image-11633\" src=\"https:\/\/www.xiaomistoreks.com\/wp-content\/uploads\/2023\/03\/pb1.jpg\" alt=\"\" width=\"2319\" height=\"998\" \/><\/a> <a href=\"https:\/\/www.xiaomistoreks.com\/wp-content\/uploads\/2023\/03\/pb2.jpg\"><img decoding=\"async\" class=\"alignnone size-full wp-image-11634\" src=\"https:\/\/www.xiaomistoreks.com\/wp-content\/uploads\/2023\/03\/pb2.jpg\" alt=\"\" width=\"2306\" height=\"522\" \/><\/a> <a href=\"https:\/\/www.xiaomistoreks.com\/wp-content\/uploads\/2023\/03\/pb3.jpg\"><img decoding=\"async\" class=\"alignnone size-full wp-image-11635\" src=\"https:\/\/www.xiaomistoreks.com\/wp-content\/uploads\/2023\/03\/pb3.jpg\" alt=\"\" width=\"2287\" height=\"675\" \/><\/a> <a href=\"https:\/\/www.xiaomistoreks.com\/wp-content\/uploads\/2023\/03\/pb4.jpg\"><img loading=\"lazy\" decoding=\"async\" class=\"alignnone size-full wp-image-11636\" src=\"https:\/\/www.xiaomistoreks.com\/wp-content\/uploads\/2023\/03\/pb4.jpg\" alt=\"\" width=\"2309\" height=\"997\" \/><\/a> <a href=\"https:\/\/www.xiaomistoreks.com\/wp-content\/uploads\/2023\/03\/pb5.jpg\"><img loading=\"lazy\" decoding=\"async\" class=\"alignnone size-full wp-image-11637\" src=\"https:\/\/www.xiaomistoreks.com\/wp-content\/uploads\/2023\/03\/pb5.jpg\" alt=\"\" width=\"2310\" height=\"1190\" \/><\/a><\/p>\n","protected":false},"excerpt":{"rendered":"<p><span class=\"xm-text text3\" data-key=\"ksp_1\" data-type=\"text\" data-id=\"hzh5atg39u\">Kompakt \/ Portativ | B<span class=\"goog-text-highlight\">ateri me cil\u00ebsi t\u00eb lart\u00eb dhe afatgjat\u00eb | <\/span>USB-C Karikimi i shpejt\u00eb me dy drejtime. Kapaciteti i lart\u00eb 10000 mAh,<\/span><\/p>\n<p>i mjaftuesh\u00ebm p\u00ebr t\u00eb karikuar plot\u00ebsisht smartfonin tuaj tre her\u00eb*<\/p>\n","protected":false},"featured_media":9284,"template":"","meta":[],"product_cat":[171,218],"product_tag":[],"_links":{"self":[{"href":"https:\/\/www.xiaomistoreks.com\/en\/wp-json\/wp\/v2\/product\/10035"}],"collection":[{"href":"https:\/\/www.xiaomistoreks.com\/en\/wp-json\/wp\/v2\/product"}],"about":[{"href":"https:\/\/www.xiaomistoreks.com\/en\/wp-json\/wp\/v2\/types\/product"}],"version-history":[{"count":4,"href":"https:\/\/www.xiaomistoreks.com\/en\/wp-json\/wp\/v2\/product\/10035\/revisions"}],"predecessor-version":[{"id":11632,"href":"https:\/\/www.xiaomistoreks.com\/en\/wp-json\/wp\/v2\/product\/10035\/revisions\/11632"}],"wp:featuredmedia":[{"embeddable":true,"href":"https:\/\/www.xiaomistoreks.com\/en\/wp-json\/wp\/v2\/media\/9284"}],"wp:attachment":[{"href":"https:\/\/www.xiaomistoreks.com\/en\/wp-json\/wp\/v2\/media?parent=10035"}],"wp:term":[{"taxonomy":"product_cat","embeddable":true,"href":"https:\/\/www.xiaomistoreks.com\/en\/wp-json\/wp\/v2\/product_cat?post=10035"},{"taxonomy":"product_tag","embeddable":true,"href":"https:\/\/www.xiaomistoreks.com\/en\/wp-json\/wp\/v2\/product_tag?post=10035"}],"curies":[{"name":"wp","href":"https:\/\/api.w.org\/{rel}","templated":true}]}}