{"id":10030,"date":"2023-03-05T01:40:54","date_gmt":"2023-03-05T01:40:54","guid":{"rendered":"http:\/\/www.xiaomistoreks.com\/?post_type=product&#038;p=10030"},"modified":"2026-03-06T00:31:59","modified_gmt":"2026-03-06T00:31:59","slug":"xiaomi-mi-desktop-monitor-27-eu","status":"publish","type":"product","link":"https:\/\/www.xiaomistoreks.com\/en\/product\/xiaomi-mi-desktop-monitor-27-eu\/","title":{"rendered":"Xiaomi Mi Desktop Monitor 27&#8243; EU"},"content":{"rendered":"<p><a href=\"https:\/\/www.xiaomistoreks.com\/wp-content\/uploads\/2023\/03\/272.jpg\"><img fetchpriority=\"high\" decoding=\"async\" class=\"alignnone size-full wp-image-11283\" src=\"https:\/\/www.xiaomistoreks.com\/wp-content\/uploads\/2023\/03\/272.jpg\" alt=\"\" width=\"2316\" height=\"1134\" \/><\/a> <a href=\"https:\/\/www.xiaomistoreks.com\/wp-content\/uploads\/2023\/03\/27.jpg\"><img decoding=\"async\" class=\"alignnone size-full wp-image-11284\" src=\"https:\/\/www.xiaomistoreks.com\/wp-content\/uploads\/2023\/03\/27.jpg\" alt=\"\" width=\"2302\" height=\"680\" \/><\/a> <a href=\"https:\/\/www.xiaomistoreks.com\/wp-content\/uploads\/2023\/03\/271.jpg\"><img decoding=\"async\" class=\"alignnone size-full wp-image-11286\" src=\"https:\/\/www.xiaomistoreks.com\/wp-content\/uploads\/2023\/03\/271.jpg\" alt=\"\" width=\"2030\" height=\"1073\" \/><\/a><\/p>\n","protected":false},"excerpt":{"rendered":"<p>Ekran me madh\u00ebsi 27 in\u00e7, rezolucion Full HD dhe mbrojtje p\u00ebr syt\u00eb p\u00ebr nj\u00eb eksperienc\u00eb sa m\u00eb t\u00eb rehatshme dhe produktive t\u00eb punuarit.<\/p>\n<p>Rezolucioni full HD 1920\u00d71080 piksel \u00ebsht\u00eb tmerr\u00ebsisht i detajuar dhe ju mund\u00ebson pamje plot ngjyra e drit\u00eb. P\u00ebrve\u00e7 k\u00ebsaj ky ekran \u00ebsht\u00eb gjithashtu i pajisur me teknologjin\u00eb e reduktimit t\u00eb rezeve blu, k\u00ebshtu q\u00eb nuk do t\u00eb ndjeni lodhje apo p\u00ebrgjumje as edhe kur punoni me or\u00eb t\u00eb t\u00ebra. Ka dizajn modern, \u00ebsht\u00eb i holl\u00eb dhe p\u00ebrshtatet me \u00e7far\u00ebdo ambjenti.<\/p>\n","protected":false},"featured_media":9272,"template":"","meta":[],"product_cat":[235,204],"product_tag":[],"_links":{"self":[{"href":"https:\/\/www.xiaomistoreks.com\/en\/wp-json\/wp\/v2\/product\/10030"}],"collection":[{"href":"https:\/\/www.xiaomistoreks.com\/en\/wp-json\/wp\/v2\/product"}],"about":[{"href":"https:\/\/www.xiaomistoreks.com\/en\/wp-json\/wp\/v2\/types\/product"}],"version-history":[{"count":3,"href":"https:\/\/www.xiaomistoreks.com\/en\/wp-json\/wp\/v2\/product\/10030\/revisions"}],"predecessor-version":[{"id":11287,"href":"https:\/\/www.xiaomistoreks.com\/en\/wp-json\/wp\/v2\/product\/10030\/revisions\/11287"}],"wp:featuredmedia":[{"embeddable":true,"href":"https:\/\/www.xiaomistoreks.com\/en\/wp-json\/wp\/v2\/media\/9272"}],"wp:attachment":[{"href":"https:\/\/www.xiaomistoreks.com\/en\/wp-json\/wp\/v2\/media?parent=10030"}],"wp:term":[{"taxonomy":"product_cat","embeddable":true,"href":"https:\/\/www.xiaomistoreks.com\/en\/wp-json\/wp\/v2\/product_cat?post=10030"},{"taxonomy":"product_tag","embeddable":true,"href":"https:\/\/www.xiaomistoreks.com\/en\/wp-json\/wp\/v2\/product_tag?post=10030"}],"curies":[{"name":"wp","href":"https:\/\/api.w.org\/{rel}","templated":true}]}}