{"id":10020,"date":"2023-03-05T01:40:54","date_gmt":"2023-03-05T01:40:54","guid":{"rendered":"http:\/\/www.xiaomistoreks.com\/?post_type=product&#038;p=10020"},"modified":"2026-03-06T00:31:59","modified_gmt":"2026-03-06T00:31:59","slug":"xiaomi-mi-vacuum-cleaner-light-hepa-filter-2-cope","status":"publish","type":"product","link":"https:\/\/www.xiaomistoreks.com\/en\/product\/xiaomi-mi-vacuum-cleaner-light-hepa-filter-2-cope\/","title":{"rendered":"Xiaomi Mi Vacuum Cleaner Light HEPA Filter (2-Cop\u00eb)"},"content":{"rendered":"","protected":false},"excerpt":{"rendered":"<div class=\"woocommerce-product-details__short-description\">\n<p>Filter me 3 shtresa me densitet t\u00eb lart\u00eb. Struktura e filterit me tre shtresa jo vet\u00ebm q\u00eb mund t\u00eb kap\u00eb grimcat mikroskopike t\u00eb pluhurit, por gjithashtu jep performanc\u00eb efektive filtrimi afatgjat\u00eb. Mund t\u00eb lahen dhe jan\u00eb miq\u00ebsore me mjedisin.<\/p>\n<\/div>\n<div class=\"flex items-center justify-between space-x-3 pt-2 mb-4\"><\/div>\n","protected":false},"featured_media":9242,"template":"","meta":[],"product_cat":[215],"product_tag":[],"_links":{"self":[{"href":"https:\/\/www.xiaomistoreks.com\/en\/wp-json\/wp\/v2\/product\/10020"}],"collection":[{"href":"https:\/\/www.xiaomistoreks.com\/en\/wp-json\/wp\/v2\/product"}],"about":[{"href":"https:\/\/www.xiaomistoreks.com\/en\/wp-json\/wp\/v2\/types\/product"}],"version-history":[{"count":2,"href":"https:\/\/www.xiaomistoreks.com\/en\/wp-json\/wp\/v2\/product\/10020\/revisions"}],"predecessor-version":[{"id":19000,"href":"https:\/\/www.xiaomistoreks.com\/en\/wp-json\/wp\/v2\/product\/10020\/revisions\/19000"}],"wp:featuredmedia":[{"embeddable":true,"href":"https:\/\/www.xiaomistoreks.com\/en\/wp-json\/wp\/v2\/media\/9242"}],"wp:attachment":[{"href":"https:\/\/www.xiaomistoreks.com\/en\/wp-json\/wp\/v2\/media?parent=10020"}],"wp:term":[{"taxonomy":"product_cat","embeddable":true,"href":"https:\/\/www.xiaomistoreks.com\/en\/wp-json\/wp\/v2\/product_cat?post=10020"},{"taxonomy":"product_tag","embeddable":true,"href":"https:\/\/www.xiaomistoreks.com\/en\/wp-json\/wp\/v2\/product_tag?post=10020"}],"curies":[{"name":"wp","href":"https:\/\/api.w.org\/{rel}","templated":true}]}}