{"id":10018,"date":"2023-03-05T01:40:54","date_gmt":"2023-03-05T01:40:54","guid":{"rendered":"http:\/\/www.xiaomistoreks.com\/?post_type=product&#038;p=10018"},"modified":"2026-05-10T07:04:33","modified_gmt":"2026-05-10T07:04:33","slug":"mi-16-in-1-ratchet-screwdriver","status":"publish","type":"product","link":"https:\/\/www.xiaomistoreks.com\/en\/product\/mi-16-in-1-ratchet-screwdriver\/","title":{"rendered":"Mi 16-in-1 Ratchet Screwdriver"},"content":{"rendered":"<p><a href=\"https:\/\/xiaomistoreks.com\/wp-content\/uploads\/2022\/05\/kaqaaa.png\"><img fetchpriority=\"high\" decoding=\"async\" class=\"size-full wp-image-9804 aligncenter\" src=\"https:\/\/xiaomistoreks.com\/wp-content\/uploads\/2022\/05\/kaqaaa.png\" alt=\"\" width=\"1343\" height=\"10077\" \/><\/a><\/p>\n","protected":false},"excerpt":{"rendered":"<div class=\"woocommerce-product-details__short-description\">\n<div class=\"woocommerce-product-details__short-description\">\n<p>Set ka\u00e7avidash 16 n\u00eb nj\u00eb me dizajn unik dhe shum\u00eb praktik. P\u00ebrb\u00ebhet nga material rezistent dhe nuk rr\u00ebshket gjat\u00eb pun\u00ebs fal mb\u00ebshtjelljes me gom\u00eb TPE.<\/p>\n<\/div>\n<div class=\"flex flex-wrap items-center\"><\/div>\n<\/div>\n<div class=\"flex items-center justify-between space-x-3 pt-2 mb-4\"><\/div>\n","protected":false},"featured_media":9233,"template":"","meta":[],"product_cat":[169,211],"product_tag":[],"_links":{"self":[{"href":"https:\/\/www.xiaomistoreks.com\/en\/wp-json\/wp\/v2\/product\/10018"}],"collection":[{"href":"https:\/\/www.xiaomistoreks.com\/en\/wp-json\/wp\/v2\/product"}],"about":[{"href":"https:\/\/www.xiaomistoreks.com\/en\/wp-json\/wp\/v2\/types\/product"}],"version-history":[{"count":1,"href":"https:\/\/www.xiaomistoreks.com\/en\/wp-json\/wp\/v2\/product\/10018\/revisions"}],"predecessor-version":[{"id":12064,"href":"https:\/\/www.xiaomistoreks.com\/en\/wp-json\/wp\/v2\/product\/10018\/revisions\/12064"}],"wp:featuredmedia":[{"embeddable":true,"href":"https:\/\/www.xiaomistoreks.com\/en\/wp-json\/wp\/v2\/media\/9233"}],"wp:attachment":[{"href":"https:\/\/www.xiaomistoreks.com\/en\/wp-json\/wp\/v2\/media?parent=10018"}],"wp:term":[{"taxonomy":"product_cat","embeddable":true,"href":"https:\/\/www.xiaomistoreks.com\/en\/wp-json\/wp\/v2\/product_cat?post=10018"},{"taxonomy":"product_tag","embeddable":true,"href":"https:\/\/www.xiaomistoreks.com\/en\/wp-json\/wp\/v2\/product_tag?post=10018"}],"curies":[{"name":"wp","href":"https:\/\/api.w.org\/{rel}","templated":true}]}}